{"id":87,"date":"2017-06-17T17:25:10","date_gmt":"2017-06-17T17:25:10","guid":{"rendered":"http:\/\/michael.eppleronline.de\/?page_id=87"},"modified":"2026-03-23T23:06:18","modified_gmt":"2026-03-23T23:06:18","slug":"lebenslauf","status":"publish","type":"page","link":"https:\/\/michael-eppler.de\/?page_id=87","title":{"rendered":"Vita"},"content":{"rendered":"\n<p><\/p>\n\n\n\n<p>geboren 1987 in Waiblingen | lebt &amp; arbeitet in Leipzig und Zeitz<\/p>\n\n\n\n<p><strong>Preise\/Stipendien<\/strong><\/p>\n\n\n\n<p>2026 STRABAG ART Award | Nominierung <br>2026 Kunstpreis Aalen | Nominierung<br>2025 Gastspielf\u00f6rderung | Kulturstiftung des Freistaates Sachsen<br>2024 Schwalenberg Stipendium<br>2021-2026 Atelierf\u00f6rderung | Liebelt Stiftung Hamburg<br>2021 Arbeitsstipendium der Stadt Leipzig<br>2020 Residenz-Stipendium im Japanischen Palais | Staatliche Kunstsammlungen Dresden<br>2020 Denkzeit Stipendium | Kulturstiftung des Freistaates Sachsen<br>2017 Graduiertenstipendium des Landes Baden-W\u00fcrttemberg<br>2014-2017 Stipendium der Studienstiftung des deutschen Volkes<br>2014 Preistr\u00e4ger der Kunst Akademie Karlsruhe<\/p>\n\n\n\n<p><strong>Studium<\/strong><\/p>\n\n\n\n<p>2011-2017 Studium an der staatlichen Akademie der Bildenden K\u00fcnste Karlsruhe<br>2011-2017 Meistersch\u00fcler bei Corinne Wasmuht<br>2016 Diplom<\/p>\n\n\n\n<p><strong>Ausstellungen<\/strong><\/p>\n\n\n\n<p>2026 Leipziger Jahresausstellung | Spinnerei Leipzig <br>2025 Thersa Rothe, Lisa W\u00f6lfel, Michael Eppler | Kreis Galerie | N\u00fcrnberg<br>2025 Freitag der 13te | ILE Leipzig<br>2025 Schneepchen | Krakauer Haus N\u00fcrnberg<br>2025 Buddies | Tapetenwerk | Leipzig<br>2024 Permanent Vacation | Robert Koepke Museum | Schwalenberg<br>2024 air between the light | Galerie Eigenheim | Weimar<br>2024 THX THC | Raum f\u00fcr drastische Ma\u00dfnahmen | Berlin<br>2024 K\u00fcnstlerpaare | Museum Schloss Oberschwappach<br>2024 Big Fungus Show | Berlin <br>2023 Der traurige Polizist | ILE Leipzig (solo)<br>2023 Wintersalon Mei\u00dfen | Kunstverein Mei\u00dfen<br>2023 Gr\u00fcnau Schau | Rotes Haus am Kulkwitzer See<br>2022 Material Witness | Galerie G\u00e4nge Leipzig<br>2022 Lindenow Leipzig | Lucas Kaiser, Michael Eppler, Lisa W\u00f6lfel,<br>Paul Wilting, Philipp Stoeckel<br>2021 Japanisches Palais Dresden (SKD) | open studio<br>2021 never ending stories | Galerie Irrgang Leipzig<br>2021 An Abwesend | Labyrinth Stuttgart<br>2021 employed and depressed | good job showroom | Leipzig<br>2021 Metamorphose Symposium | Altes Stra\u00dfenbahndepot Schkeuditz<br>2021 M.M.M. Michael Eppler\/Maeshelle West-Davies\/Manuel Schneidewind | Art Kapella Schkeuditz<br>2020 coloring quarantine | Exile Gallery, online<br>2020 Eppler | W\u00f6lfel | Alexander | Burkard | Schloss Oberschwappach<br>2020 zodiac | Lindenow Leipzig<br>2019 SUPERSTIMULUS | A&amp;O Kunsthalle | Leipzig<br>2019 Artificial | Galaxie Off Galerie N\u00fcrnberg<br>2019 Abschlussausstellung zur Residency | Alte Nudelfabrik Zeitz<br>2019 The Rock | Westbruch Brandis<br>2019 DRIVE BY | Kunstsammlung Schloss Hinterglauchau mit den<br>Staatlichen Kunstsammlungen Dresden<br>2018 FLAT SHOW \u2013 Privatsalon Leipzig <br>2018 &#8222;THAT&#8217;S ALL RIGHT MAMA&#8220; | XXY Berlin <br>2017 TOP 17 Meistersch\u00fcler Ausstellung | Kunsthalle G\u00f6ppingen<br>2017 Graduierten-Ausstellung Kunst Akademie Karlsruhe<br>2017 TOP 17 Meistersch\u00fcler Ausstellung | Kunsthalle G\u00f6ppingen<br>2017 Graduierten-Ausstellung Kunst Akademie Karlsruhe<br>2016 Gruppenausstellung | Projektraum gellertstra\u00dfe Karlsruhe<br>2014 Die gro\u00dfe Pineeppler-Show | Lobby Karlsruhe<\/p>\n","protected":false},"excerpt":{"rendered":"<p>geboren 1987 in Waiblingen | lebt &amp; arbeitet in Leipzig und Zeitz Preise\/Stipendien 2026 STRABAG ART Award | Nominierung 2026 Kunstpreis Aalen | Nominierung2025 Gastspielf\u00f6rderung | Kulturstiftung des Freistaates Sachsen2024 Schwalenberg Stipendium2021-2026 Atelierf\u00f6rderung | Liebelt Stiftung Hamburg2021 Arbeitsstipendium der Stadt Leipzig2020 Residenz-Stipendium im Japanischen Palais | Staatliche Kunstsammlungen Dresden2020 Denkzeit Stipendium | Kulturstiftung des Freistaates &hellip; <\/p>\n<p class=\"link-more\"><a href=\"https:\/\/michael-eppler.de\/?page_id=87\" class=\"more-link\"><span class=\"screen-reader-text\">\u201eVita\u201c <\/span>weiterlesen<\/a><\/p>\n","protected":false},"author":1,"featured_media":0,"parent":75,"menu_order":1,"comment_status":"closed","ping_status":"closed","template":"","meta":{"footnotes":""},"class_list":["post-87","page","type-page","status-publish","hentry"],"yoast_head":"<!-- This site is optimized with the Yoast SEO plugin v27.3 - https:\/\/yoast.com\/product\/yoast-seo-wordpress\/ -->\n<title>Vita - Michael Eppler<\/title>\n<meta name=\"robots\" content=\"index, follow, max-snippet:-1, max-image-preview:large, max-video-preview:-1\" \/>\n<link rel=\"canonical\" href=\"https:\/\/michael-eppler.de\/?page_id=87\" \/>\n<meta property=\"og:locale\" content=\"de_DE\" \/>\n<meta property=\"og:type\" content=\"article\" \/>\n<meta property=\"og:title\" content=\"Vita - Michael Eppler\" \/>\n<meta property=\"og:description\" content=\"geboren 1987 in Waiblingen | lebt &amp; arbeitet in Leipzig und Zeitz Preise\/Stipendien 2026 STRABAG ART Award | Nominierung 2026 Kunstpreis Aalen | Nominierung2025 Gastspielf\u00f6rderung | Kulturstiftung des Freistaates Sachsen2024 Schwalenberg Stipendium2021-2026 Atelierf\u00f6rderung | Liebelt Stiftung Hamburg2021 Arbeitsstipendium der Stadt Leipzig2020 Residenz-Stipendium im Japanischen Palais | Staatliche Kunstsammlungen Dresden2020 Denkzeit Stipendium | Kulturstiftung des Freistaates &hellip; \u201eVita\u201c weiterlesen\" \/>\n<meta property=\"og:url\" content=\"https:\/\/michael-eppler.de\/?page_id=87\" \/>\n<meta property=\"og:site_name\" content=\"Michael Eppler\" \/>\n<meta property=\"article:modified_time\" content=\"2026-03-23T23:06:18+00:00\" \/>\n<meta name=\"twitter:card\" content=\"summary_large_image\" \/>\n<meta name=\"twitter:label1\" content=\"Gesch\u00e4tzte Lesezeit\" \/>\n\t<meta name=\"twitter:data1\" content=\"3\u00a0Minuten\" \/>\n<script type=\"application\/ld+json\" class=\"yoast-schema-graph\">{\"@context\":\"https:\\\/\\\/schema.org\",\"@graph\":[{\"@type\":\"WebPage\",\"@id\":\"https:\\\/\\\/michael-eppler.de\\\/?page_id=87\",\"url\":\"https:\\\/\\\/michael-eppler.de\\\/?page_id=87\",\"name\":\"Vita - Michael Eppler\",\"isPartOf\":{\"@id\":\"https:\\\/\\\/michael-eppler.de\\\/#website\"},\"datePublished\":\"2017-06-17T17:25:10+00:00\",\"dateModified\":\"2026-03-23T23:06:18+00:00\",\"breadcrumb\":{\"@id\":\"https:\\\/\\\/michael-eppler.de\\\/?page_id=87#breadcrumb\"},\"inLanguage\":\"de\",\"potentialAction\":[{\"@type\":\"ReadAction\",\"target\":[\"https:\\\/\\\/michael-eppler.de\\\/?page_id=87\"]}]},{\"@type\":\"BreadcrumbList\",\"@id\":\"https:\\\/\\\/michael-eppler.de\\\/?page_id=87#breadcrumb\",\"itemListElement\":[{\"@type\":\"ListItem\",\"position\":1,\"name\":\"Startseite\",\"item\":\"https:\\\/\\\/michael-eppler.de\\\/\"},{\"@type\":\"ListItem\",\"position\":2,\"name\":\"Info\",\"item\":\"https:\\\/\\\/michael-eppler.de\\\/?page_id=75\"},{\"@type\":\"ListItem\",\"position\":3,\"name\":\"Vita\"}]},{\"@type\":\"WebSite\",\"@id\":\"https:\\\/\\\/michael-eppler.de\\\/#website\",\"url\":\"https:\\\/\\\/michael-eppler.de\\\/\",\"name\":\"Michael Eppler\",\"description\":\"\",\"potentialAction\":[{\"@type\":\"SearchAction\",\"target\":{\"@type\":\"EntryPoint\",\"urlTemplate\":\"https:\\\/\\\/michael-eppler.de\\\/?s={search_term_string}\"},\"query-input\":{\"@type\":\"PropertyValueSpecification\",\"valueRequired\":true,\"valueName\":\"search_term_string\"}}],\"inLanguage\":\"de\"}]}<\/script>\n<!-- \/ Yoast SEO plugin. -->","yoast_head_json":{"title":"Vita - Michael Eppler","robots":{"index":"index","follow":"follow","max-snippet":"max-snippet:-1","max-image-preview":"max-image-preview:large","max-video-preview":"max-video-preview:-1"},"canonical":"https:\/\/michael-eppler.de\/?page_id=87","og_locale":"de_DE","og_type":"article","og_title":"Vita - Michael Eppler","og_description":"geboren 1987 in Waiblingen | lebt &amp; arbeitet in Leipzig und Zeitz Preise\/Stipendien 2026 STRABAG ART Award | Nominierung 2026 Kunstpreis Aalen | Nominierung2025 Gastspielf\u00f6rderung | Kulturstiftung des Freistaates Sachsen2024 Schwalenberg Stipendium2021-2026 Atelierf\u00f6rderung | Liebelt Stiftung Hamburg2021 Arbeitsstipendium der Stadt Leipzig2020 Residenz-Stipendium im Japanischen Palais | Staatliche Kunstsammlungen Dresden2020 Denkzeit Stipendium | Kulturstiftung des Freistaates &hellip; \u201eVita\u201c weiterlesen","og_url":"https:\/\/michael-eppler.de\/?page_id=87","og_site_name":"Michael Eppler","article_modified_time":"2026-03-23T23:06:18+00:00","twitter_card":"summary_large_image","twitter_misc":{"Gesch\u00e4tzte Lesezeit":"3\u00a0Minuten"},"schema":{"@context":"https:\/\/schema.org","@graph":[{"@type":"WebPage","@id":"https:\/\/michael-eppler.de\/?page_id=87","url":"https:\/\/michael-eppler.de\/?page_id=87","name":"Vita - Michael Eppler","isPartOf":{"@id":"https:\/\/michael-eppler.de\/#website"},"datePublished":"2017-06-17T17:25:10+00:00","dateModified":"2026-03-23T23:06:18+00:00","breadcrumb":{"@id":"https:\/\/michael-eppler.de\/?page_id=87#breadcrumb"},"inLanguage":"de","potentialAction":[{"@type":"ReadAction","target":["https:\/\/michael-eppler.de\/?page_id=87"]}]},{"@type":"BreadcrumbList","@id":"https:\/\/michael-eppler.de\/?page_id=87#breadcrumb","itemListElement":[{"@type":"ListItem","position":1,"name":"Startseite","item":"https:\/\/michael-eppler.de\/"},{"@type":"ListItem","position":2,"name":"Info","item":"https:\/\/michael-eppler.de\/?page_id=75"},{"@type":"ListItem","position":3,"name":"Vita"}]},{"@type":"WebSite","@id":"https:\/\/michael-eppler.de\/#website","url":"https:\/\/michael-eppler.de\/","name":"Michael Eppler","description":"","potentialAction":[{"@type":"SearchAction","target":{"@type":"EntryPoint","urlTemplate":"https:\/\/michael-eppler.de\/?s={search_term_string}"},"query-input":{"@type":"PropertyValueSpecification","valueRequired":true,"valueName":"search_term_string"}}],"inLanguage":"de"}]}},"_links":{"self":[{"href":"https:\/\/michael-eppler.de\/index.php?rest_route=\/wp\/v2\/pages\/87","targetHints":{"allow":["GET"]}}],"collection":[{"href":"https:\/\/michael-eppler.de\/index.php?rest_route=\/wp\/v2\/pages"}],"about":[{"href":"https:\/\/michael-eppler.de\/index.php?rest_route=\/wp\/v2\/types\/page"}],"author":[{"embeddable":true,"href":"https:\/\/michael-eppler.de\/index.php?rest_route=\/wp\/v2\/users\/1"}],"replies":[{"embeddable":true,"href":"https:\/\/michael-eppler.de\/index.php?rest_route=%2Fwp%2Fv2%2Fcomments&post=87"}],"version-history":[{"count":19,"href":"https:\/\/michael-eppler.de\/index.php?rest_route=\/wp\/v2\/pages\/87\/revisions"}],"predecessor-version":[{"id":752,"href":"https:\/\/michael-eppler.de\/index.php?rest_route=\/wp\/v2\/pages\/87\/revisions\/752"}],"up":[{"embeddable":true,"href":"https:\/\/michael-eppler.de\/index.php?rest_route=\/wp\/v2\/pages\/75"}],"wp:attachment":[{"href":"https:\/\/michael-eppler.de\/index.php?rest_route=%2Fwp%2Fv2%2Fmedia&parent=87"}],"curies":[{"name":"wp","href":"https:\/\/api.w.org\/{rel}","templated":true}]}}